{"id":158,"date":"2019-06-15T09:59:29","date_gmt":"2019-06-15T09:59:29","guid":{"rendered":"https:\/\/wowa.hu\/?page_id=158"},"modified":"2021-01-05T12:36:05","modified_gmt":"2021-01-05T12:36:05","slug":"kezdolap","status":"publish","type":"page","link":"https:\/\/wowa.hu\/index.php\/kezdolap\/","title":{"rendered":"Kezd\u0151lap"},"content":{"rendered":"\n<div class=\"wowa-intro heading\" id=\"a-wowarol\">\n<h2>T\u00f6rt\u00e9net<\/h2>\n<\/p><\/div>\n<div id=\"wowa-intro-items\">\n<div class=\"wowa-intro-box\">\n<div class=\"intro-quote\">\n\t\t\t\t\t\t\t\t\t\t\t\t\t\t<span class=\"fooldal_kiemeles_format\">\u201eFelfedezni valamit annyit tesz, mint l\u00e1tni, amit mindenki l\u00e1t, \u00e9s k\u00f6zben arra gondolni, amire m\u00e9g senki.\u201d Szent-Gy\u00f6rgyi Albert<\/span>\n\t\t\t\t\t\t<\/div>\n<div class=\"intro-content\">\n<p>A k\u00e9nyelem nagy \u00far.<\/p>\n<p>Este m\u00e9g s\u00fct\u00f6tt az aszfalt forr\u00f3s\u00e1ga, csak a legv\u00e9konyabb egyzsebes r\u00f6vidnadr\u00e1gom \u00e9s p\u00f3l\u00f3m terveztem felvenni a s\u00f6r\u00f6z\u00e9shez. Nem f\u00e9rt a zsebembe a p\u00e9nzt\u00e1rc\u00e1m, mert telepakoltam a t\u00f6rzsv\u00e1s\u00e1rl\u00f3i k\u00e1rty\u00e1immal, bankk\u00e1rty\u00e1kkal, a tiszt\u00edt\u00f3ban hagyott ruh\u00e1im blokkj\u00e1val, a tegnapi meetingen begy\u0171jt\u00f6tt n\u00e9vjegyk\u00e1rty\u00e1kkal, \u00e9s m\u00e9g ki tudja mivel. De hova tegyem m\u00e9gis a b\u00e1lna m\u00e9ret\u0171re duzzadt t\u00e1rc\u00e1m? Vigyek csak p\u00e9nzt magammal? De ha sz\u00fcks\u00e9gem lesz a bankk\u00e1rty\u00e1mra? A kulcs meg b\u00f6kni fogja a l\u00e1bam&#8230;<\/p>\n<p>Valahogy \u00edgy sz\u00fcletett meg egy pofonegyszer\u0171 probl\u00e9m\u00e1b\u00f3l \u00e9s egy megvil\u00e1gosodott pillanatb\u00f3l a f\u00e1b\u00f3l k\u00e9sz\u00fclt p\u00e9nzt\u00e1rca \u00f6tlete.<\/p>\n<p>Kifejezetten fa alapanyaggal akartunk dolgozni m\u00e1r a kezdetekt\u0151l fogva, szeretj\u00fck a tapint\u00e1s\u00e1t, term\u00e9szetess\u00e9g\u00e9t. Sok k\u00eds\u00e9rlet \u00e9s tesztel\u00e9s ut\u00e1n, nem utols\u00f3 sorban az ismer\u0151s\u00f6k biztat\u00e1s\u00e1ra fogtunk bele a sorozatgy\u00e1rt\u00e1sba.<\/p>\n<p>Jelenleg 3 fajta f\u00e1b\u00f3l k\u00e9sz\u00fclnek term\u00e9keink, t\u00f6bb sz\u00edn\u0171 p\u00e1ntot is v\u00e1laszthattok hozz\u00e1.<\/p>\n<p>Tov\u00e1bbi r\u00e9szletek\u00e9rt g\u00f6rgessetek lejjebb!<\/p>\n<\/p><\/div>\n<div class=\"clear\"><\/div>\n<\/p><\/div>\n<\/p><\/div>\n<div class=\"wowa-termekek-list\">\n<div class=\"wowa-termek-list-elem\">\n<div class=\"wowa-termek heading\">\n<h2>Wowa fa p\u00e9nzt\u00e1rc\u00e1k<\/h2>\n<\/p><\/div>\n<div class=\"inner1200\">\n<div class=\"full-width-block\">\n<div class=\"content-left termek-content\">\n<h3>Design \u00e9s funkci\u00f3<\/h3>\n<p>WOWA a fa p\u00e9nzt\u00e1rca, amit igazolv\u00e1ny, pap\u00edrp\u00e9nz, bankk\u00e1rtya, apr\u00f3p\u00e9nz t\u00e1rol\u00e1s\u00e1ra k\u00e9sz\u00edtett\u00fcnk. 4-5 k\u00e1rtya mellett elf\u00e9r benne a  pap\u00edrp\u00e9nz \u00e9s p\u00e1r apr\u00f3p\u00e9nz vagy ak\u00e1r a lak\u00e1skulcsod.<\/p>\n<p>P\u00e9nzt\u00e1rc\u00e1inkat t\u00f6bb fajta f\u00e1b\u00f3l k\u00e9sz\u00edtj\u00fck, teljesen elt\u00e9r\u0151 sz\u00ednben \u00e9s erezettel. Elf\u00e9r nadr\u00e1gzsebben, ingzsebben, t\u00e1sk\u00e1ban, vagy ak\u00e1rhol ahol a telefonod is. B\u00e1rhov\u00e1 magaddal viheted. Term\u00e9szetes \u00e9s St\u00edlusos!<\/p>\n<div class=\"termek-content-button\">\n\t\t\t\t\t\t\t\t\t\t\t\t\t\t\t\t\t\t\t\t\t\t\t\t\t\t\t\t<a href=\"https:\/\/shop.wowa.hu\/wowa-fa-penztarcak\/\" target=\"_blank\" title=\"Wowa fa p\u00e9nzt\u00e1rc\u00e1k, term\u00e9kek megtekint\u00e9se\">V\u00e1s\u00e1rl\u00e1s<\/a>\n\t\t\t\t\t\t\t\t\t\t\t\t\t\t\t\t\t<\/div>\n<\/p><\/div>\n<div class=\"content-right termek-media\">\n\t\t\t\t\t\t\t\t\t\t\t\t\t\t\t\t\t<video controls><source src=\"https:\/\/wowa.hu\/wp-content\/uploads\/wowa_zsivany_jav.mp4\" type=\"video\/mp4\"><\/video>\n\t\t\t\t\t\t\t\t\t\t\t\t\t\t\t<\/div>\n<div class=\"clear\"><\/div>\n<\/p><\/div>\n<\/p><\/div>\n<\/p><\/div>\n<div class=\"wowa-termek-list-elem\">\n<div class=\"wowa-termek heading\">\n<h2>Wowa fa laptoptart\u00f3<\/h2>\n<\/p><\/div>\n<div class=\"inner1200\">\n<div class=\"full-width-block\">\n<div class=\"content-left termek-content\">\n<h3>K\u00e9nyelem \u00e9s ergon\u00f3mia<\/h3>\n<p>Hordozhat\u00f3, ergonomikus fa laptop tart\u00f3. B\u00e1rhov\u00e1 magaddal viheted. Term\u00e9szetes \u00e9s st\u00edlusos.<\/p>\n<ul>\n<li>- K\u00e9nyelmesebb\u00e9 teszi a napi munk\u00e1d. <\/li>\n<li>- Jav\u00edtja a munkahelyed ergon\u00f3mi\u00e1j\u00e1t. <\/li>\n<li>- Term\u00e9szetesebb k\u00e9ztart\u00e1s, kev\u00e9ss\u00e9 terheli a napi munka a csukl\u00f3d \u00e9s az alkarod.<\/li>\n<li>- A magasabb monitor \u00e1ll\u00e1s k\u00edm\u00e9li a nyakad<\/li>\n<li>- Kicsi \u00e9s hordozhat\u00f3. B\u00e1rhov\u00e1 magaddal viheted. Elf\u00e9r a laptop t\u00e1sk\u00e1ban.<\/li>\n<li>- P\u00e1r m\u00e1sodperc alatt haszn\u00e1latra k\u00e9sz<\/li>\n<li>- Jav\u00edtja a laptop h\u0171t\u00e9s\u00e9t. Csendesebb m\u0171k\u00f6d\u00e9s, hosszabb \u00e9lettartam.<\/li>\n<li>- Term\u00e9szetes anyagokb\u00f3l k\u00e9sz\u00fcl, minden darab mint\u00e1zata egyedi.<\/li>\n<li>- Grav\u00edrozhat\u00f3. Hasznos \u00e9s st\u00edlusos aj\u00e1nd\u00e9k.<\/li>\n<\/ul>\n<div class=\"termek-content-button\">\n\t\t\t\t\t\t\t\t\t\t\t\t\t\t\t\t\t\t\t\t\t\t\t\t\t\t\t\t<a href=\"https:\/\/shop.wowa.hu\/termek\/wowa-laptop-tarto\/\" target=\"_blank\" title=\"Wowa fa laptoptart\u00f3, term\u00e9kek megtekint\u00e9se\">V\u00e1s\u00e1rl\u00e1s<\/a>\n\t\t\t\t\t\t\t\t\t\t\t\t\t\t\t\t\t<\/div>\n<\/p><\/div>\n<div class=\"content-right termek-media\">\n\t\t\t\t\t\t\t\t\t\t\t\t\t\t\t\t\t<video controls><source src=\"https:\/\/wowa.hu\/wp-content\/uploads\/wowa_laptop_video_jav.mp4\" type=\"video\/mp4\"><\/video>\n\t\t\t\t\t\t\t\t\t\t\t\t\t\t\t<\/div>\n<div class=\"clear\"><\/div>\n<\/p><\/div>\n<\/p><\/div>\n<\/p><\/div>\n<\/div>\n<div id=\"wowa-purchase\">\n<div class=\"wowa-purchase-cont\">\n<p class=\"wowa-kaphato\">Kaphat\u00f3 a<br \/> boltunkban<br \/> <span class=\"price\">5.990 Ft<\/span><\/p>\n<div class=\"wowa-purchase-button\">\n\t\t\t<a href=\"https:\/\/shop.wowa.hu\/\" target=\"_blank\">V\u00c1S\u00c1RL\u00c1S<\/a>\n\t\t<\/div>\n<\/p><\/div>\n<\/div>\n<div id=\"instagram-buttons\">\n<div class=\"inner-box\">\n<div class=\"instagram-name-box\">\n\t\t\t<a class=\"instagram-name\" href=\"https:\/\/instagram.com\/wowa_yourwoodwallet\/\" target=\"_blank\" title=\"Wowa.hu Instagram photos\">wowa_yourwoodwallet<br \/>\n<\/a>\n\t\t<\/div>\n<div class=\"view-insta\">\n\t\t\t<a class=\"view-on-instagram\" href=\"https:\/\/instagram.com\/wowa_yourwoodwallet\/\" target=\"_blank\" title=\"Wowa, your wood wallet on Instagram\"><\/a>\n\t\t<\/div>\n<\/p><\/div>\n<div class=\"clear\"><\/div>\n<\/div>\n<div class=\"clear\"><\/div>\n<div class=\"inner1200\">\n<div id=\"instafeed\">\n<div id=\"sb_instagram\"  class=\"sbi sbi_mob_col_1 sbi_tab_col_2 sbi_col_3\" style=\"padding-bottom: 20px; background-color: rgb(255,255,255); width: 100%;\"\t data-feedid=\"*1\"  data-res=\"auto\" data-cols=\"3\" data-colsmobile=\"1\" data-colstablet=\"2\" data-num=\"12\" data-nummobile=\"\" data-item-padding=\"10\"\t data-shortcode-atts=\"{}\"  data-postid=\"158\" data-locatornonce=\"5ad52faecc\" data-imageaspectratio=\"1:1\" data-sbi-flags=\"favorLocal\">\n<div id=\"sbi_images\"  style=\"gap: 20px;\">\n\t\t\t<\/div>\n<div id=\"sbi_load\" >\n<p>\t\t\t<span class=\"sbi_follow_btn sbi_custom\" ><br \/>\n\t\t\t<a target=\"_blank\"\n\t\t\t\trel=\"nofollow noopener\"  href=\"https:\/\/www.instagram.com\/wowa_yourwoodwallet\/\" style=\"background: rgb(56,111,149);\"><br \/>\n\t\t\t\t<svg class=\"svg-inline--fa fa-instagram fa-w-14\" aria-hidden=\"true\" data-fa-processed=\"\" aria-label=\"Instagram\" data-prefix=\"fab\" data-icon=\"instagram\" role=\"img\" viewBox=\"0 0 448 512\">\n                    <path fill=\"currentColor\" d=\"M224.1 141c-63.6 0-114.9 51.3-114.9 114.9s51.3 114.9 114.9 114.9S339 319.5 339 255.9 287.7 141 224.1 141zm0 189.6c-41.1 0-74.7-33.5-74.7-74.7s33.5-74.7 74.7-74.7 74.7 33.5 74.7 74.7-33.6 74.7-74.7 74.7zm146.4-194.3c0 14.9-12 26.8-26.8 26.8-14.9 0-26.8-12-26.8-26.8s12-26.8 26.8-26.8 26.8 12 26.8 26.8zm76.1 27.2c-1.7-35.9-9.9-67.7-36.2-93.9-26.2-26.2-58-34.4-93.9-36.2-37-2.1-147.9-2.1-184.9 0-35.8 1.7-67.6 9.9-93.9 36.1s-34.4 58-36.2 93.9c-2.1 37-2.1 147.9 0 184.9 1.7 35.9 9.9 67.7 36.2 93.9s58 34.4 93.9 36.2c37 2.1 147.9 2.1 184.9 0 35.9-1.7 67.7-9.9 93.9-36.2 26.2-26.2 34.4-58 36.2-93.9 2.1-37 2.1-147.8 0-184.8zM398.8 388c-7.8 19.6-22.9 34.7-42.6 42.6-29.5 11.7-99.5 9-132.1 9s-102.7 2.6-132.1-9c-19.6-7.8-34.7-22.9-42.6-42.6-11.7-29.5-9-99.5-9-132.1s-2.6-102.7 9-132.1c7.8-19.6 22.9-34.7 42.6-42.6 29.5-11.7 99.5-9 132.1-9s102.7-2.6 132.1 9c19.6 7.8 34.7 22.9 42.6 42.6 11.7 29.5 9 99.5 9 132.1s2.7 102.7-9 132.1z\"><\/path>\n                <\/svg>\t\t\t\t<span>K\u00f6vess minket Instagramon!<\/span><br \/>\n\t\t\t<\/a><br \/>\n\t\t<\/span><\/p>\n<\/div>\n<p>\t\t<span class=\"sbi_resized_image_data\" data-feed-id=\"*1\"\n\t\t  data-resized=\"[]\"><br \/>\n\t<\/span>\n\t<\/div>\n<\/p><\/div>\n<div class=\"clear\"><\/div>\n<\/div>\n<div class=\"wowa-shops heading\">\n<h2>Wowa a boltokban<\/h2>\n<\/div>\n<div id=\"wowa-shops-container\">\n<div class=\"inner1200\">\n<div id=\"wowa-shop-boxes\">\n<div class=\"wowa-shop-box\">\n<div class=\"wowa-shop-image\">\n\t\t\t\t\t\t\t\t\t\t\t\t\t\t\t\t\t<img loading=\"lazy\" decoding=\"async\" width=\"550\" height=\"413\" src=\"https:\/\/wowa.hu\/wp-content\/uploads\/zunstore-budapest.jpg\" class=\"attachment-full size-full wp-post-image\" alt=\"\" srcset=\"https:\/\/wowa.hu\/wp-content\/uploads\/zunstore-budapest.jpg 550w, https:\/\/wowa.hu\/wp-content\/uploads\/zunstore-budapest-300x225.jpg 300w\" sizes=\"auto, (max-width: 550px) 100vw, 550px\" \/>\t\t\t\t\t\t\t\t\t\t\t\t\t\t\t<\/div>\n<div class=\"wowa-shop-content\">\n<div class=\"wowa-shop-content-info\">\n<h3>ZunStore<\/h3>\n<p><strong>C\u00edm:<\/strong> 1077 Budapest, Wessel\u00e9nyi utca 19.<\/p>\n<p><strong>Telefon:<\/strong> (+36-70) 236-3693<\/p>\n<p><strong>Email:<\/strong> info@zunstore.hu<\/p>\n<p><strong>Facebook:<\/strong>\u00a0<a href=\"https:\/\/www.facebook.com\/ZunStore\" target=\"_blank\">ZunStore<\/a><\/p>\n<p><strong>Instagram:<\/strong> zun_store<\/p>\n<h4>Nyitva tart\u00e1s<\/h4>\n<p>H\u00e9tf\u0151t\u0151l p\u00e9ntekig: 10:00 &#8211; 20:00<\/p>\n<p>Szombat: 10:00 &#8211; 18:00<\/p>\n<\/p><\/div>\n<\/p><\/div>\n<\/p><\/div>\n<div class=\"wowa-shop-box\">\n<div class=\"wowa-shop-image\">\n\t\t\t\t\t\t\t\t\t\t\t\t\t\t\t\t\t<img loading=\"lazy\" decoding=\"async\" width=\"500\" height=\"333\" src=\"https:\/\/wowa.hu\/wp-content\/uploads\/szimpla-design-shop1.jpg\" class=\"attachment-full size-full wp-post-image\" alt=\"\" srcset=\"https:\/\/wowa.hu\/wp-content\/uploads\/szimpla-design-shop1.jpg 500w, https:\/\/wowa.hu\/wp-content\/uploads\/szimpla-design-shop1-300x200.jpg 300w\" sizes=\"auto, (max-width: 500px) 100vw, 500px\" \/>\t\t\t\t\t\t\t\t\t\t\t\t\t\t\t<\/div>\n<div class=\"wowa-shop-content\">\n<div class=\"wowa-shop-content-info\">\n<h3>Szimpla Design Shop<\/h3>\n<p>1073 Budapest,\u00a0Kazinczy u.\u00a014.<\/p>\n<p><strong>Facebook:<\/strong>\u00a0<a href=\"https:\/\/www.facebook.com\/szimpladesignshop\" target=\"_blank\">Szimpla Design Shop<\/a><\/p>\n<p><strong>Instagram:<\/strong> szimpladesignshop<\/p>\n<p><strong>Web:<\/strong>\u00a0<a href=\"http:\/\/szimpladesignshop.com\" target=\"_blank\">szimpladesignshop.com<\/a><\/p>\n<h4>Nyitva tart\u00e1s<\/h4>\n<p>H\u00e9tf\u0151t\u0151l p\u00e9ntekig 12:00 &#8211; 19:00, szombat 11:00 &#8211; 15:00<\/p>\n<\/p><\/div>\n<\/p><\/div>\n<\/p><\/div>\n<div class=\"wowa-shop-box\">\n<div class=\"wowa-shop-image\">\n\t\t\t\t\t\t\t\t\t\t\t\t\t\t\t\t\t<img loading=\"lazy\" decoding=\"async\" width=\"600\" height=\"370\" src=\"https:\/\/wowa.hu\/wp-content\/uploads\/cotton_ball.jpg\" class=\"attachment-full size-full wp-post-image\" alt=\"\" srcset=\"https:\/\/wowa.hu\/wp-content\/uploads\/cotton_ball.jpg 600w, https:\/\/wowa.hu\/wp-content\/uploads\/cotton_ball-300x185.jpg 300w\" sizes=\"auto, (max-width: 600px) 100vw, 600px\" \/>\t\t\t\t\t\t\t\t\t\t\t\t\t\t\t<\/div>\n<div class=\"wowa-shop-content\">\n<div class=\"wowa-shop-content-info\">\n<h3>Cotton Ball Lights Budapest<\/h3>\n<p><span style=\"font-family: inherit;\">Budapest, Doh\u00e1ny utca 26.<\/span><\/p>\n<p><strong>Facebook:<\/strong>\u00a0<a href=\"https:\/\/www.facebook.com\/CBLBudapest\/\" target=\"_blank\" rel=\"noopener noreferrer\">Cotton Ball Lights Budapest<\/a><\/p>\n<h4>Nyitva tart\u00e1s<\/h4>\n<p>H\u00e9tf\u0151t\u0151l vas\u00e1rnapig\u00a011:00 &#8211; 20:00<\/p>\n<\/p><\/div>\n<\/p><\/div>\n<\/p><\/div>\n<div class=\"wowa-shop-box\">\n<div class=\"wowa-shop-image\">\n\t\t\t\t\t\t\t\t\t\t\t\t\t\t\t\t\t<img loading=\"lazy\" decoding=\"async\" width=\"276\" height=\"184\" src=\"https:\/\/wowa.hu\/wp-content\/uploads\/monokrom-720x480.jpg\" class=\"attachment-full size-full wp-post-image\" alt=\"\" \/>\t\t\t\t\t\t\t\t\t\t\t\t\t\t\t<\/div>\n<div class=\"wowa-shop-content\">\n<div class=\"wowa-shop-content-info\">\n<h3>Monokrom Design Store, P\u00e9cs<\/h3>\n<p>7621 P\u00e9cs, Kir\u00e1ly utca 33.<\/p>\n<p><strong>Telefon:<\/strong>\u00a0(20) 591 1330<\/p>\n<p><strong>Facebook:<\/strong> <a href=\"https:\/\/www.facebook.com\/monokromdesignshop\/\" target=\"_blank\">Monokrom<\/a><\/p>\n<p>&nbsp;<\/p>\n<h4><strong>Nyitvatart\u00e1s<\/strong><\/h4>\n<p>H\u00e9tf\u0151t\u0151l p\u00e9ntekig: 11:00 \u2013 18:00<\/p>\n<p>Szombat: 11:00 \u2013 16:00<\/p>\n<p>&nbsp;<\/p>\n<\/p><\/div>\n<\/p><\/div>\n<\/p><\/div>\n<div class=\"wowa-shop-box\">\n<div class=\"wowa-shop-image\">\n\t\t\t\t\t\t\t\t\t\t\t\t\t\t\t\t\t<img decoding=\"async\" src=\"https:\/\/wowa.hu\/wp-content\/themes\/wowawallets2015\/images\/no-image.jpg\" alt=\"Nincs felt\u00f6lt\u00f6tt k\u00e9p 5\" \/>\n\t\t\t\t\t\t\t\t\t\t\t\t\t\t\t<\/div>\n<div class=\"wowa-shop-content\">\n<div class=\"wowa-shop-content-info\">\n<h3>Zsolnay M\u00e1rkabolt, Nagykanizsa<\/h3>\n<p><strong>Nagykanizsa, Huszti t\u00e9r 1-2.<\/strong><br \/>\n<strong>Telefon:<\/strong> +36 93 313 898<\/p>\n<h4>Nyitva tart\u00e1s:<\/h4>\n<p>h\u00e9tf\u0151 &#8211; p\u00e9ntek 9.00 &#8211; 17.00<br \/>\nszombat 9.00 &#8211; 12.00<\/p>\n<\/p><\/div>\n<\/p><\/div>\n<\/p><\/div>\n<div class=\"wowa-shop-box\">\n<div class=\"wowa-shop-image\">\n\t\t\t\t\t\t\t\t\t\t\t\t\t\t\t\t\t<img loading=\"lazy\" decoding=\"async\" width=\"276\" height=\"234\" src=\"https:\/\/wowa.hu\/wp-content\/uploads\/wellness_debrecen.jpg\" class=\"attachment-full size-full wp-post-image\" alt=\"\" \/>\t\t\t\t\t\t\t\t\t\t\t\t\t\t\t<\/div>\n<div class=\"wowa-shop-content\">\n<div class=\"wowa-shop-content-info\">\n<h3>Wellness Szak\u00fczlet, Debrecen<\/h3>\n<p><strong>4030 Debrecen, Mikep\u00e9rcsi \u00fat 7\/C.<\/strong><\/p>\n<p><strong>Telefon:<\/strong> +36 20 3187 555<\/p>\n<p><strong>Email:<\/strong> woodandlifekft@gmail.com<\/p>\n<p><strong>Facebook:<\/strong> <a href=\"https:\/\/www.facebook.com\/woodandlifeszakuzlet\/\" target=\"_blank\">woodandlifeszakuzlet<\/a><\/p>\n<h4>Nyitva tart\u00e1s:<\/h4>\n<p>H\u00e9tf\u0151t\u0151l-P\u00e9ntekig: 8-16 \u00f3r\u00e1ig<\/p>\n<p>Szombaton: 8-12 \u00f3r\u00e1ig<\/p>\n<\/p><\/div>\n<\/p><\/div>\n<\/p><\/div>\n<div class=\"clear\"><\/div>\n<\/p><\/div>\n<div class=\"clear\"><\/div>\n<\/p><\/div>\n<\/div>\n","protected":false},"excerpt":{"rendered":"","protected":false},"author":1,"featured_media":0,"parent":0,"menu_order":0,"comment_status":"closed","ping_status":"closed","template":"","meta":{"footnotes":""},"class_list":["post-158","page","type-page","status-publish","hentry"],"_links":{"self":[{"href":"https:\/\/wowa.hu\/index.php\/wp-json\/wp\/v2\/pages\/158","targetHints":{"allow":["GET"]}}],"collection":[{"href":"https:\/\/wowa.hu\/index.php\/wp-json\/wp\/v2\/pages"}],"about":[{"href":"https:\/\/wowa.hu\/index.php\/wp-json\/wp\/v2\/types\/page"}],"author":[{"embeddable":true,"href":"https:\/\/wowa.hu\/index.php\/wp-json\/wp\/v2\/users\/1"}],"replies":[{"embeddable":true,"href":"https:\/\/wowa.hu\/index.php\/wp-json\/wp\/v2\/comments?post=158"}],"version-history":[{"count":5,"href":"https:\/\/wowa.hu\/index.php\/wp-json\/wp\/v2\/pages\/158\/revisions"}],"predecessor-version":[{"id":184,"href":"https:\/\/wowa.hu\/index.php\/wp-json\/wp\/v2\/pages\/158\/revisions\/184"}],"wp:attachment":[{"href":"https:\/\/wowa.hu\/index.php\/wp-json\/wp\/v2\/media?parent=158"}],"curies":[{"name":"wp","href":"https:\/\/api.w.org\/{rel}","templated":true}]}}