{"id":160,"date":"2019-06-15T10:00:11","date_gmt":"2019-06-15T10:00:11","guid":{"rendered":"https:\/\/wowa.hu\/?page_id=160"},"modified":"2020-08-04T10:18:11","modified_gmt":"2020-08-04T10:18:11","slug":"a-wowarol","status":"publish","type":"page","link":"https:\/\/wowa.hu\/index.php\/a-wowarol\/","title":{"rendered":"A Wow\u00e1r\u00f3l"},"content":{"rendered":"<p>A k\u00e9nyelem nagy \u00far.<\/p>\n<p>Este m\u00e9g s\u00fct\u00f6tt az aszfalt forr\u00f3s\u00e1ga, csak a legv\u00e9konyabb egyzsebes r\u00f6vidnadr\u00e1gom \u00e9s p\u00f3l\u00f3m terveztem felvenni a s\u00f6r\u00f6z\u00e9shez. Nem f\u00e9rt a zsebembe a p\u00e9nzt\u00e1rc\u00e1m, mert telepakoltam a t\u00f6rzsv\u00e1s\u00e1rl\u00f3i k\u00e1rty\u00e1immal, bankk\u00e1rty\u00e1kkal, a tiszt\u00edt\u00f3ban hagyott ruh\u00e1im blokkj\u00e1val, a tegnapi meetingen begy\u0171jt\u00f6tt n\u00e9vjegyk\u00e1rty\u00e1kkal, \u00e9s m\u00e9g ki tudja mivel. De hova tegyem m\u00e9gis a b\u00e1lna m\u00e9ret\u0171re duzzadt t\u00e1rc\u00e1m? Vigyek csak p\u00e9nzt magammal? De ha sz\u00fcks\u00e9gem lesz a bankk\u00e1rty\u00e1mra? A kulcs meg b\u00f6kni fogja a l\u00e1bam&#8230;<\/p>\n<p>Valahogy \u00edgy sz\u00fcletett meg egy pofonegyszer\u0171 probl\u00e9m\u00e1b\u00f3l \u00e9s egy megvil\u00e1gosodott pillanatb\u00f3l a f\u00e1b\u00f3l k\u00e9sz\u00fclt p\u00e9nzt\u00e1rca \u00f6tlete.<\/p>\n<p>Kifejezetten fa alapanyaggal akartunk dolgozni m\u00e1r a kezdetekt\u0151l fogva, szeretj\u00fck a tapint\u00e1s\u00e1t, term\u00e9szetess\u00e9g\u00e9t. Sok k\u00eds\u00e9rlet \u00e9s tesztel\u00e9s ut\u00e1n, nem utols\u00f3 sorban az ismer\u0151s\u00f6k biztat\u00e1s\u00e1ra fogtunk bele a sorozatgy\u00e1rt\u00e1sba.<\/p>\n<p>Jelenleg 3 fajta f\u00e1b\u00f3l k\u00e9sz\u00fclnek term\u00e9keink, t\u00f6bb sz\u00edn\u0171 p\u00e1ntot is v\u00e1laszthattok hozz\u00e1.<\/p>\n<p>Tov\u00e1bbi r\u00e9szletek\u00e9rt g\u00f6rgessetek lejjebb!<\/p>\n","protected":false},"excerpt":{"rendered":"<p>A k\u00e9nyelem nagy \u00far. Este m\u00e9g s\u00fct\u00f6tt az aszfalt forr\u00f3s\u00e1ga, csak a legv\u00e9konyabb egyzsebes r\u00f6vidnadr\u00e1gom \u00e9s p\u00f3l\u00f3m terveztem felvenni a s\u00f6r\u00f6z\u00e9shez. Nem f\u00e9rt a zsebembe a p\u00e9nzt\u00e1rc\u00e1m, mert telepakoltam a t\u00f6rzsv\u00e1s\u00e1rl\u00f3i k\u00e1rty\u00e1immal, bankk\u00e1rty\u00e1kkal, a tiszt\u00edt\u00f3ban hagyott ruh\u00e1im blokkj\u00e1val, a tegnapi meetingen begy\u0171jt\u00f6tt n\u00e9vjegyk\u00e1rty\u00e1kkal, \u00e9s m\u00e9g ki tudja mivel. De hova tegyem m\u00e9gis a b\u00e1lna m\u00e9ret\u0171re [&hellip;]<\/p>\n","protected":false},"author":1,"featured_media":0,"parent":0,"menu_order":0,"comment_status":"closed","ping_status":"closed","template":"","meta":{"footnotes":""},"class_list":["post-160","page","type-page","status-publish","hentry"],"_links":{"self":[{"href":"https:\/\/wowa.hu\/index.php\/wp-json\/wp\/v2\/pages\/160","targetHints":{"allow":["GET"]}}],"collection":[{"href":"https:\/\/wowa.hu\/index.php\/wp-json\/wp\/v2\/pages"}],"about":[{"href":"https:\/\/wowa.hu\/index.php\/wp-json\/wp\/v2\/types\/page"}],"author":[{"embeddable":true,"href":"https:\/\/wowa.hu\/index.php\/wp-json\/wp\/v2\/users\/1"}],"replies":[{"embeddable":true,"href":"https:\/\/wowa.hu\/index.php\/wp-json\/wp\/v2\/comments?post=160"}],"version-history":[{"count":1,"href":"https:\/\/wowa.hu\/index.php\/wp-json\/wp\/v2\/pages\/160\/revisions"}],"predecessor-version":[{"id":161,"href":"https:\/\/wowa.hu\/index.php\/wp-json\/wp\/v2\/pages\/160\/revisions\/161"}],"wp:attachment":[{"href":"https:\/\/wowa.hu\/index.php\/wp-json\/wp\/v2\/media?parent=160"}],"curies":[{"name":"wp","href":"https:\/\/api.w.org\/{rel}","templated":true}]}}